{"id":627,"date":"2018-01-22T08:03:37","date_gmt":"2018-01-22T08:03:37","guid":{"rendered":"https:\/\/ahumanonearth.com\/home\/"},"modified":"2026-02-16T19:57:40","modified_gmt":"2026-02-17T00:57:40","slug":"welcome","status":"publish","type":"page","link":"https:\/\/ahumanonearth.com\/vi\/","title":{"rendered":"Welcome"},"content":{"rendered":"<div data-elementor-type=\"wp-page\" data-elementor-id=\"627\" class=\"elementor elementor-627\">\n\t\t\t\t<div class=\"elementor-element elementor-element-58b188a e-flex e-con-boxed wpr-particle-no wpr-jarallax-no wpr-parallax-no wpr-sticky-section-no wpr-equal-height-no e-con e-parent\" data-id=\"58b188a\" data-element_type=\"container\" data-e-type=\"container\">\n\t\t\t\t\t<div class=\"e-con-inner\">\n\t\t\t\t<div class=\"elementor-element elementor-element-da0ec02 wpr-fancy-text-slide wpr-advanced-text-style-animated elementor-widget elementor-widget-wpr-advanced-text\" data-id=\"da0ec02\" data-element_type=\"widget\" data-e-type=\"widget\" data-widget_type=\"wpr-advanced-text.default\">\n\t\t\t\t<div class=\"elementor-widget-container\">\n\t\t\t\t\t\n\t\t<h1 class=\"wpr-advanced-text\"><span class=\"ez-toc-section\" id=\"Welcome_to_A_Human_On_Earth\"><\/span>\n\n\t\t\t\t\t\n\t\t\t\t\t\t\t<span class=\"wpr-advanced-text-preffix\">Ch\u00e0o m\u1eebng \u0111\u1ebfn v\u1edbi<\/span>\n\t\t\t\n\t\t<span class=\"wpr-anim-text wpr-anim-text-type-slide\" data-anim-duration=\"1000,0\" data-anim-loop=\"\">\n\t\t\t<span class=\"wpr-anim-text-inner\">\n\t\t\t\t\t\t\t\t\t<b>A Human On Earth<\/b>\n\t\t\t\t\t\t\t<\/span>\n\t\t\t\t\t<\/span>\n\n\t\t\t\t\n\t\t<span class=\"ez-toc-section-end\"><\/span><\/h1>\n\t\t\n\t\t\t\t\t\t<\/div>\n\t\t\t\t<\/div>\n\t\t\t\t<div class=\"elementor-element elementor-element-80c0bf7 elementor-drop-cap-yes elementor-drop-cap-view-default elementor-widget elementor-widget-text-editor\" data-id=\"80c0bf7\" data-element_type=\"widget\" data-e-type=\"widget\" data-settings=\"{&quot;drop_cap&quot;:&quot;yes&quot;}\" data-widget_type=\"text-editor.default\">\n\t\t\t\t<div class=\"elementor-widget-container\">\n\t\t\t\t\t\t\t\t\t<p>T\u00f4i r\u1ea5t vui m\u1eebng v\u00ec b\u1ea1n \u0111\u00e3 gh\u00e9 th\u0103m! Ng\u00e0y h\u00f4m nay c\u1ee7a b\u1ea1n th\u1ebf n\u00e0o? T\u00f4i hi v\u1ecdng m\u1ecdi th\u1ee9 \u0111\u1ec1u su\u00f4ng s\u1ebb, nh\u01b0ng n\u1ebfu l\u1ee1 c\u00f3 g\u00ec phi\u1ec1n l\u00f2ng, b\u1ea1n th\u00e2n m\u1ebfn, xin \u0111\u1eebng b\u1ecf cu\u1ed9c. T\u00f4i c\u1ea7u xin r\u1eb1ng b\u1ea1n s\u1ebd nh\u1eadn \u0111\u01b0\u1ee3c s\u1ee9c m\u1ea1nh v\u00e0 m\u1ecdi s\u1ef1 tr\u1ee3 gi\u00fap c\u1ea7n thi\u1ebft \u0111\u1ec3 ti\u1ebfp t\u1ee5c cu\u1ed9c h\u00e0nh tr\u00ecnh c\u1ee7a m\u00ecnh trong cu\u1ed9c \u0111\u1eddi n\u00e0y.<\/p><blockquote><p><em>\"H\u00e3y t\u00ecm v\u00e0 s\u1ebd th\u1ea5y, h\u00e3y g\u00f5 v\u00e0 c\u1eeda s\u1ebd \u0111\u01b0\u1ee3c m\u1edf ra\"<\/em> &#8211; Mt 7:7.<\/p><\/blockquote><p>T\u00f4i l\u00e0 Nguy\u1ec5n N\u1eef, c\u0169ng \u0111ang \u0111i tr\u00ean h\u00e0nh tr\u00ecnh cu\u1ed9c \u0111\u1eddi v\u1edbi kh\u00e1t khao \u0111\u01b0\u1ee3c s\u1ed1ng t\u1ef1 do v\u01b0\u1ee3t ra kh\u1ecfi gi\u1edbi h\u1ea1n c\u1ee7a m\u1ecdi \u0111\u1ecbnh ngh\u0129a. T\u00f4i \u1ee7ng h\u1ed9 \u00fd t\u01b0\u1edfng v\u1ec1 vi\u1ec7c kh\u00e1m ph\u00e1 kh\u1ea3 n\u0103ng c\u1ee7a m\u1ed7i c\u00e1 nh\u00e2n m\u00e0 kh\u00f4ng ch\u1ecbu s\u1ef1 k\u00ecm h\u00e3m c\u1ee7a ch\u1ee9c danh ngh\u1ec1 nghi\u1ec7p, ch\u1ee7ng t\u1ed9c hay gi\u1edbi t\u00ednh. V\u00ec th\u1ebf, t\u00f4i d\u00f9ng trang web n\u00e0y \u0111\u1ec3 chia s\u1ebb c\u00e2u chuy\u1ec7n c\u1ee7a b\u1ea3n th\u00e2n, v\u00e0 c\u1ee7a nh\u1eefng ng\u01b0\u1eddi c\u00f9ng l\u00fd t\u01b0\u1edfng. Ngo\u00e0i ra, v\u1edbi chuy\u00ean m\u00f4n c\u1ee7a m\u00ecnh trong l\u0129nh v\u1ef1c b\u1ea3o t\u1ed3n m\u01a1i tr\u01b0\u1eddng v\u00e0 thi\u1ebft k\u1ebf c\u1ea3nh quan, t\u00f4i mong mu\u1ed1n chia s\u1ebb nh\u1eefng \u0111i\u1ec1u t\u00f4i h\u1ecdc \u0111\u01b0\u1ee3c v\u1edbi c\u1ed9ng \u0111\u1ed3ng. T\u00f4i mong ch\u1edd nh\u1eefng cu\u1ed9c tr\u00f2 chuy\u1ec7n th\u00fa v\u1ecb v\u00e0 m\u1ed9t t\u01b0\u01a1ng lai ch\u00fang ta c\u00f9ng ph\u00e1t tri\u1ec3n t\u1ed1t \u0111\u1eb9p h\u01a1n.<!-- \/wp:paragraph --><\/p><h3 style=\"text-align: center;\"><span class=\"ez-toc-section\" id=\"What_Youll_Find_Here\"><\/span>B\u1ea1n S\u1ebd T\u00ecm Th\u1ea5y G\u00ec \u1ede \u0110\u00e2y?<span class=\"ez-toc-section-end\"><\/span><\/h3><div>\u00a0<\/div><p>______M\u1ed9t <a href=\"https:\/\/ahumanonearth.com\/vi\/category\/library\/\">Th\u01b0 vi\u1ec7n<\/a> bao g\u1ed3m hai ph\u1ea7n ch\u00ednh: A Human, On Earth.<\/p><p style=\"padding-left: 40px; text-align: left;\">. <a href=\"https:\/\/ahumanonearth.com\/vi\/category\/library\/human\/\">A Human<\/a> g\u1ed3m c\u00e1c b\u00e0i lu\u1eadn v\u1ec1 c\u00e1c ch\u1ee7 \u0111\u1ec1 li\u00ean quan \u0111\u1ebfn con ng\u01b0\u1eddi trong nghi\u00ean c\u1ee9u m\u00f4i tr\u01b0\u1eddng v\u00e0 x\u00e3 h\u1ed9i \u1edf quy m\u00f4 nh\u1ecf, th\u01b0\u1eddng b\u1eaft \u0111\u1ea7u t\u1eeb nh\u1eefng c\u00e2u chuy\u1ec7n c\u00e1 nh\u00e2n v\u1ec1 c\u00e1ch con ng\u01b0\u1eddi t\u01b0\u01a1ng t\u00e1c v\u1edbi th\u1ebf gi\u1edbi n\u00e0y v\u00e0 v\u1edbi ch\u00ednh m\u00ecnh. Bao g\u1ed3m chu\u1ed7i b\u00e0i vi\u1ebft Nh\u1eadt K\u00fd H\u00e0nh Tr\u00ecnh chia s\u1ebb v\u1ec1 c\u00e1c tr\u1ea3i nghi\u1ec7m c\u1ee7a t\u00f4i, nh\u1eefng kho\u1ea3nh kh\u1eafc v\u00e0 b\u00e0i h\u1ecdc cu\u1ed9c s\u1ed1ng.<\/p><p style=\"padding-left: 40px; text-align: left;\">. <a href=\"https:\/\/ahumanonearth.com\/vi\/category\/library\/earth\/\">On Earth<\/a> kh\u00e1m ph\u00e1 c\u00e1c g\u00f3c nh\u00ecn l\u1edbn h\u01a1n v\u1edbi con ng\u01b0\u1eddi l\u00e0 m\u1ed9t lo\u00e0i tr\u00ean Tr\u00e1i \u0110\u1ea5t. M\u1ed9t v\u00e0i h\u01b0\u1edbng ti\u1ebfp c\u1eadn ph\u1ed5 bi\u1ebfn c\u00f3 th\u1ec3 k\u1ec3 \u0111\u1ebfn nh\u01b0 sinh th\u00e1i h\u1ecdc, b\u1ea3o t\u1ed3n, \u0111\u1ecba l\u00fd, nh\u00e2n ch\u1ee7ng h\u1ecdc, ch\u00ednh s\u00e1ch m\u00f4i tr\u01b0\u1eddng, ki\u1ebfn \u200b\u200btr\u00fac, v.v.<\/p><p style=\"padding-left: 40px; text-align: left;\">T\u00f4i khuy\u1ebfn kh\u00edch b\u1ea1n ti\u1ebfp c\u1eadn nh\u1eefng b\u00e0i vi\u1ebft n\u00e0y v\u1edbi c\u00e1i nh\u00ecn c\u1edfi m\u1edf v\u00e0 m\u1ed9t t\u01b0 duy ph\u1ea3n bi\u1ec7n; b\u1edfi quan \u0111i\u1ec3m c\u1ee7a ch\u00fang ta c\u00f3 th\u1ec3 kh\u00e1c nhau, nh\u01b0ng ch\u1ec9 giao ti\u1ebfp v\u00e0 t\u01b0\u01a1ng t\u00e1c mang t\u00ednh x\u00e2y d\u1ef1ng m\u1edbi c\u1ee7ng c\u1ed1 s\u1ef1 hi\u1ec3u bi\u1ebft c\u1ee7a \u0111\u00f4i b\u00ean.<\/p><p>______M\u1ed9t <a href=\"https:\/\/ahumanonearth.com\/vi\/photos\/\">B\u1ed9 s\u01b0u t\u1eadp<\/a> n\u01a1i t\u00f4i l\u01b0u gi\u1eef nh\u1eefng kho\u1ea3nh kh\u1eafc tr\u00ean h\u00e0nh tr\u00ecnh c\u1ee7a m\u00ecnh. T\u00f4i th\u00edch ghi l\u1ea1i v\u1ebb \u0111\u1eb9p c\u1ee7a thi\u00ean nhi\u00ean v\u00e0 s\u1ef1 s\u1ed1ng tr\u00ean Tr\u00e1i \u0110\u1ea5t.<\/p>\t\t\t\t\t\t\t\t<\/div>\n\t\t\t\t<\/div>\n\t\t\t\t<div class=\"elementor-element elementor-element-882550d elementor-widget-divider--view-line elementor-widget elementor-widget-divider\" data-id=\"882550d\" data-element_type=\"widget\" data-e-type=\"widget\" data-widget_type=\"divider.default\">\n\t\t\t\t<div class=\"elementor-widget-container\">\n\t\t\t\t\t\t\t<div class=\"elementor-divider\">\n\t\t\t<span class=\"elementor-divider-separator\">\n\t\t\t\t\t\t<\/span>\n\t\t<\/div>\n\t\t\t\t\t\t<\/div>\n\t\t\t\t<\/div>\n\t\t\t\t\t<\/div>\n\t\t\t\t<\/div>\n\t\t<div class=\"elementor-element elementor-element-e5abe55 e-flex e-con-boxed wpr-particle-no wpr-jarallax-no wpr-parallax-no wpr-sticky-section-no wpr-equal-height-no e-con e-parent\" data-id=\"e5abe55\" data-element_type=\"container\" data-e-type=\"container\">\n\t\t\t\t\t<div class=\"e-con-inner\">\n\t\t\t\t<div class=\"elementor-element elementor-element-5768d6a elementor-widget elementor-widget-heading\" data-id=\"5768d6a\" data-element_type=\"widget\" data-e-type=\"widget\" data-widget_type=\"heading.default\">\n\t\t\t\t<div class=\"elementor-widget-container\">\n\t\t\t\t\t<h3 class=\"elementor-heading-title elementor-size-default\"><span class=\"ez-toc-section\" id=\"Start_exploring\"><\/span>B\u1eaft \u0111\u1ea7u kh\u00e1m ph\u00e1<span class=\"ez-toc-section-end\"><\/span><\/h3>\t\t\t\t<\/div>\n\t\t\t\t<\/div>\n\t\t\t\t\t<\/div>\n\t\t\t\t<\/div>\n\t\t<div class=\"elementor-element elementor-element-5efbb24 e-flex e-con-boxed wpr-particle-no wpr-jarallax-no wpr-parallax-no wpr-sticky-section-no wpr-equal-height-no e-con e-parent\" data-id=\"5efbb24\" data-element_type=\"container\" data-e-type=\"container\">\n\t\t\t\t\t<div class=\"e-con-inner\">\n\t\t<div class=\"elementor-element elementor-element-54f3de1 e-grid e-con-full wpr-particle-no wpr-jarallax-no wpr-parallax-no wpr-sticky-section-no wpr-equal-height-no e-con e-child\" data-id=\"54f3de1\" data-element_type=\"container\" data-e-type=\"container\">\n\t\t\t\t<div class=\"elementor-element elementor-element-6532152 wpr-flip-box-animation-fade wpr-flip-box-front-align-center wpr-flip-box-back-align-center elementor-widget elementor-widget-wpr-flip-box\" data-id=\"6532152\" data-element_type=\"widget\" data-e-type=\"widget\" data-widget_type=\"wpr-flip-box.default\">\n\t\t\t\t<div class=\"elementor-widget-container\">\n\t\t\t\t\t\t\t\t\n\t\t<div class=\"wpr-flip-box\" data-trigger=\"hover\">\n\t\t\t\n\t\t\t<div class=\"wpr-flip-box-item wpr-flip-box-front wpr-anim-timing-ease-default\">\n\n\t\t\t\t<div class=\"wpr-flip-box-overlay\"><\/div>\n\n\t\t\t\t<div class=\"wpr-flip-box-content\">\n\t\t\t\t\t\n\t\t\t\t\t\t\t\t\t\t<div class=\"wpr-flip-box-icon\">\n\t\t\t\t\t\t<i class=\"fas fa-home\"><\/i>\n\t\t\t\t\t<\/div>\n\t\t\t\t\t\t\t\t\t\t\n\t\t\t\t\t\t\t\t\t\t\t<h3 class=\"wpr-flip-box-title\"><span class=\"ez-toc-section\" id=\"HOME_PAGE\"><\/span>TRANG CH\u1ee6<span class=\"ez-toc-section-end\"><\/span><\/h3>\n\t\t\t\t\t\n\t\t\t\t\t\t\t\t\t\t\t<div class=\"wpr-flip-box-description\"><p>B\u1ea3ng tin c\u1eadp nh\u1eadt n\u1ed9i dung web<\/p><\/div>\t\t\t\t\t\t\n\t\t\t\t\t\t\n\n\t\t\t\t\t\t\n\n\t\t\t\t<\/div>\n\t\t\t<\/div>\n\n\t\t\t<div class=\"wpr-flip-box-item wpr-flip-box-back wpr-anim-timing-ease-default\">\n\n\t\t\t\t<div class=\"wpr-flip-box-overlay\"><\/div>\n\t\t\t\t\n\t\t\t\t<div class=\"wpr-flip-box-content\">\n\t\t\t\t\t\n\t\t\t\t\t\t\t\t\t\t<a class=\"wpr-flip-box-link\" href=\"https:\/\/ahumanonearth.com\/vi\/home\/\"><\/a>\t\n\t\t\t\t\t\n\t\t\t\t\t\t\t\t\t\t<div class=\"wpr-flip-box-icon\">\n\t\t\t\t\t\t<i class=\"fas fa-home\"><\/i>\n\t\t\t\t\t<\/div>\n\t\t\t\t\t\t\t\t\t\t\n\t\t\t\t\t\n\t\t\t\t\t\t\t\t\t\t\t<div class=\"wpr-flip-box-description\"><p>Click to access<\/p><\/div>\t\t\t\t\t\t\n\t\t\t\t\t\t\n\n\t\t\t\t\t\t\n\n\t\t\t\t<\/div>\n\t\t\t<\/div>\n\t\t<\/div>\n\n\t\t\t\t\t\t<\/div>\n\t\t\t\t<\/div>\n\t\t\t\t<div class=\"elementor-element elementor-element-eb3861b wpr-flip-box-animation-fade wpr-flip-box-front-align-center wpr-flip-box-back-align-center elementor-widget elementor-widget-wpr-flip-box\" data-id=\"eb3861b\" data-element_type=\"widget\" data-e-type=\"widget\" data-widget_type=\"wpr-flip-box.default\">\n\t\t\t\t<div class=\"elementor-widget-container\">\n\t\t\t\t\t\t\t\t\n\t\t<div class=\"wpr-flip-box\" data-trigger=\"hover\">\n\t\t\t\n\t\t\t<div class=\"wpr-flip-box-item wpr-flip-box-front wpr-anim-timing-ease-default\">\n\n\t\t\t\t<div class=\"wpr-flip-box-overlay\"><\/div>\n\n\t\t\t\t<div class=\"wpr-flip-box-content\">\n\t\t\t\t\t\n\t\t\t\t\t\t\t\t\t\t<div class=\"wpr-flip-box-icon\">\n\t\t\t\t\t\t<i class=\"fas fa-book-open\"><\/i>\n\t\t\t\t\t<\/div>\n\t\t\t\t\t\t\t\t\t\t\n\t\t\t\t\t\t\t\t\t\t\t<h3 class=\"wpr-flip-box-title\"><span class=\"ez-toc-section\" id=\"ABOUT\"><\/span>GI\u1edaI THI\u1ec6U<span class=\"ez-toc-section-end\"><\/span><\/h3>\n\t\t\t\t\t\n\t\t\t\t\t\t\t\t\t\t\t<div class=\"wpr-flip-box-description\"><p>Th\u00f4ng tin chi ti\u1ebft v\u1ec1 trang web n\u00e0y<\/p><\/div>\t\t\t\t\t\t\n\t\t\t\t\t\t\n\n\t\t\t\t\t\t\n\n\t\t\t\t<\/div>\n\t\t\t<\/div>\n\n\t\t\t<div class=\"wpr-flip-box-item wpr-flip-box-back wpr-anim-timing-ease-default\">\n\n\t\t\t\t<div class=\"wpr-flip-box-overlay\"><\/div>\n\t\t\t\t\n\t\t\t\t<div class=\"wpr-flip-box-content\">\n\t\t\t\t\t\n\t\t\t\t\t\t\t\t\t\t<a class=\"wpr-flip-box-link\" href=\"https:\/\/ahumanonearth.com\/vi\/about\/\"><\/a>\t\n\t\t\t\t\t\n\t\t\t\t\t\t\t\t\t\t<div class=\"wpr-flip-box-icon\">\n\t\t\t\t\t\t<i class=\"fas fa-book-open\"><\/i>\n\t\t\t\t\t<\/div>\n\t\t\t\t\t\t\t\t\t\t\n\t\t\t\t\t\n\t\t\t\t\t\t\t\t\t\t\t<div class=\"wpr-flip-box-description\"><p>Click to access<\/p><\/div>\t\t\t\t\t\t\n\t\t\t\t\t\t\n\n\t\t\t\t\t\t\n\n\t\t\t\t<\/div>\n\t\t\t<\/div>\n\t\t<\/div>\n\n\t\t\t\t\t\t<\/div>\n\t\t\t\t<\/div>\n\t\t\t\t<div class=\"elementor-element elementor-element-ac316bd wpr-flip-box-animation-fade wpr-flip-box-front-align-center wpr-flip-box-back-align-center elementor-widget elementor-widget-wpr-flip-box\" data-id=\"ac316bd\" data-element_type=\"widget\" data-e-type=\"widget\" data-widget_type=\"wpr-flip-box.default\">\n\t\t\t\t<div class=\"elementor-widget-container\">\n\t\t\t\t\t\t\t\t\n\t\t<div class=\"wpr-flip-box\" data-trigger=\"hover\">\n\t\t\t\n\t\t\t<div class=\"wpr-flip-box-item wpr-flip-box-front wpr-anim-timing-ease-default\">\n\n\t\t\t\t<div class=\"wpr-flip-box-overlay\"><\/div>\n\n\t\t\t\t<div class=\"wpr-flip-box-content\">\n\t\t\t\t\t\n\t\t\t\t\t\t\t\t\t\t<div class=\"wpr-flip-box-icon\">\n\t\t\t\t\t\t<i class=\"far fa-address-card\"><\/i>\n\t\t\t\t\t<\/div>\n\t\t\t\t\t\t\t\t\t\t\n\t\t\t\t\t\t\t\t\t\t\t<h3 class=\"wpr-flip-box-title\"><span class=\"ez-toc-section\" id=\"AUTHOR\"><\/span>T\u00c1C GI\u1ea2<span class=\"ez-toc-section-end\"><\/span><\/h3>\n\t\t\t\t\t\n\t\t\t\t\t\t\t\t\t\t\t<div class=\"wpr-flip-box-description\"><p>Chi ti\u1ebft v\u1ec1 c\u00f4ng vi\u1ec7c v\u00e0 chuy\u00ean m\u00f4n c\u1ee7a t\u00f4i<\/p><\/div>\t\t\t\t\t\t\n\t\t\t\t\t\t\n\n\t\t\t\t\t\t\n\n\t\t\t\t<\/div>\n\t\t\t<\/div>\n\n\t\t\t<div class=\"wpr-flip-box-item wpr-flip-box-back wpr-anim-timing-ease-default\">\n\n\t\t\t\t<div class=\"wpr-flip-box-overlay\"><\/div>\n\t\t\t\t\n\t\t\t\t<div class=\"wpr-flip-box-content\">\n\t\t\t\t\t\n\t\t\t\t\t\t\t\t\t\t<a class=\"wpr-flip-box-link\" href=\"https:\/\/ahumanonearth.com\/vi\/portfolio\/\"><\/a>\t\n\t\t\t\t\t\n\t\t\t\t\t\t\t\t\t\t<div class=\"wpr-flip-box-icon\">\n\t\t\t\t\t\t<i class=\"fas fa-address-card\"><\/i>\n\t\t\t\t\t<\/div>\n\t\t\t\t\t\t\t\t\t\t\n\t\t\t\t\t\n\t\t\t\t\t\t\t\t\t\t\t<div class=\"wpr-flip-box-description\"><p>Click to access<\/p><\/div>\t\t\t\t\t\t\n\t\t\t\t\t\t\n\n\t\t\t\t\t\t\n\n\t\t\t\t<\/div>\n\t\t\t<\/div>\n\t\t<\/div>\n\n\t\t\t\t\t\t<\/div>\n\t\t\t\t<\/div>\n\t\t\t\t<div class=\"elementor-element elementor-element-280e75c wpr-flip-box-animation-fade wpr-flip-box-front-align-center wpr-flip-box-back-align-center elementor-widget elementor-widget-wpr-flip-box\" data-id=\"280e75c\" data-element_type=\"widget\" data-e-type=\"widget\" data-widget_type=\"wpr-flip-box.default\">\n\t\t\t\t<div class=\"elementor-widget-container\">\n\t\t\t\t\t\t\t\t\n\t\t<div class=\"wpr-flip-box\" data-trigger=\"hover\">\n\t\t\t\n\t\t\t<div class=\"wpr-flip-box-item wpr-flip-box-front wpr-anim-timing-ease-default\">\n\n\t\t\t\t<div class=\"wpr-flip-box-overlay\"><\/div>\n\n\t\t\t\t<div class=\"wpr-flip-box-content\">\n\t\t\t\t\t\n\t\t\t\t\t\t\t\t\t\t<div class=\"wpr-flip-box-icon\">\n\t\t\t\t\t\t<i class=\"fas fa-pencil-alt\"><\/i>\n\t\t\t\t\t<\/div>\n\t\t\t\t\t\t\t\t\t\t\n\t\t\t\t\t\t\t\t\t\t\t<h3 class=\"wpr-flip-box-title\"><span class=\"ez-toc-section\" id=\"LIBRARY\"><\/span>TH\u01af VI\u1ec6N<span class=\"ez-toc-section-end\"><\/span><\/h3>\n\t\t\t\t\t\n\t\t\t\t\t\t\t\t\t\t\t<div class=\"wpr-flip-box-description\"><p>M\u1ed9t b\u1ed9 s\u01b0u t\u1eadp c\u00e1c b\u00e0i vi\u1ebft<\/p><\/div>\t\t\t\t\t\t\n\t\t\t\t\t\t\n\n\t\t\t\t\t\t\n\n\t\t\t\t<\/div>\n\t\t\t<\/div>\n\n\t\t\t<div class=\"wpr-flip-box-item wpr-flip-box-back wpr-anim-timing-ease-default\">\n\n\t\t\t\t<div class=\"wpr-flip-box-overlay\"><\/div>\n\t\t\t\t\n\t\t\t\t<div class=\"wpr-flip-box-content\">\n\t\t\t\t\t\n\t\t\t\t\t\t\t\t\t\t<a class=\"wpr-flip-box-link\" href=\"https:\/\/ahumanonearth.com\/vi\/library\/\"><\/a>\t\n\t\t\t\t\t\n\t\t\t\t\t\t\t\t\t\t<div class=\"wpr-flip-box-icon\">\n\t\t\t\t\t\t<i class=\"fas fa-pencil-alt\"><\/i>\n\t\t\t\t\t<\/div>\n\t\t\t\t\t\t\t\t\t\t\n\t\t\t\t\t\n\t\t\t\t\t\t\t\t\t\t\t<div class=\"wpr-flip-box-description\"><p>Click to access<\/p><\/div>\t\t\t\t\t\t\n\t\t\t\t\t\t\n\n\t\t\t\t\t\t\n\n\t\t\t\t<\/div>\n\t\t\t<\/div>\n\t\t<\/div>\n\n\t\t\t\t\t\t<\/div>\n\t\t\t\t<\/div>\n\t\t\t\t<div class=\"elementor-element elementor-element-2688a46 wpr-flip-box-animation-fade wpr-flip-box-front-align-center wpr-flip-box-back-align-center elementor-widget elementor-widget-wpr-flip-box\" data-id=\"2688a46\" data-element_type=\"widget\" data-e-type=\"widget\" data-widget_type=\"wpr-flip-box.default\">\n\t\t\t\t<div class=\"elementor-widget-container\">\n\t\t\t\t\t\t\t\t\n\t\t<div class=\"wpr-flip-box\" data-trigger=\"hover\">\n\t\t\t\n\t\t\t<div class=\"wpr-flip-box-item wpr-flip-box-front wpr-anim-timing-ease-default\">\n\n\t\t\t\t<div class=\"wpr-flip-box-overlay\"><\/div>\n\n\t\t\t\t<div class=\"wpr-flip-box-content\">\n\t\t\t\t\t\n\t\t\t\t\t\t\t\t\t\t<div class=\"wpr-flip-box-icon\">\n\t\t\t\t\t\t<i class=\"far fa-images\"><\/i>\n\t\t\t\t\t<\/div>\n\t\t\t\t\t\t\t\t\t\t\n\t\t\t\t\t\t\t\t\t\t\t<h3 class=\"wpr-flip-box-title\"><span class=\"ez-toc-section\" id=\"GALLERY\"><\/span>B\u1ed8 S\u01afU T\u1eacP<span class=\"ez-toc-section-end\"><\/span><\/h3>\n\t\t\t\t\t\n\t\t\t\t\t\t\t\t\t\t\t<div class=\"wpr-flip-box-description\"><p>Kho l\u01b0u tr\u1eef nh\u1eefng kho\u1ea3ng kh\u1eafc cu\u1ed9c s\u1ed1ng<\/p><\/div>\t\t\t\t\t\t\n\t\t\t\t\t\t\n\n\t\t\t\t\t\t\n\n\t\t\t\t<\/div>\n\t\t\t<\/div>\n\n\t\t\t<div class=\"wpr-flip-box-item wpr-flip-box-back wpr-anim-timing-ease-default\">\n\n\t\t\t\t<div class=\"wpr-flip-box-overlay\"><\/div>\n\t\t\t\t\n\t\t\t\t<div class=\"wpr-flip-box-content\">\n\t\t\t\t\t\n\t\t\t\t\t\t\t\t\t\t<a class=\"wpr-flip-box-link\" href=\"https:\/\/ahumanonearth.com\/vi\/photos\/\"><\/a>\t\n\t\t\t\t\t\n\t\t\t\t\t\t\t\t\t\t<div class=\"wpr-flip-box-icon\">\n\t\t\t\t\t\t<i class=\"fas fa-images\"><\/i>\n\t\t\t\t\t<\/div>\n\t\t\t\t\t\t\t\t\t\t\n\t\t\t\t\t\n\t\t\t\t\t\t\t\t\t\t\t<div class=\"wpr-flip-box-description\"><p>Click to access<\/p><\/div>\t\t\t\t\t\t\n\t\t\t\t\t\t\n\n\t\t\t\t\t\t\n\n\t\t\t\t<\/div>\n\t\t\t<\/div>\n\t\t<\/div>\n\n\t\t\t\t\t\t<\/div>\n\t\t\t\t<\/div>\n\t\t\t\t<div class=\"elementor-element elementor-element-ee4435a wpr-flip-box-animation-fade wpr-flip-box-front-align-center wpr-flip-box-back-align-center elementor-widget elementor-widget-wpr-flip-box\" data-id=\"ee4435a\" data-element_type=\"widget\" data-e-type=\"widget\" data-widget_type=\"wpr-flip-box.default\">\n\t\t\t\t<div class=\"elementor-widget-container\">\n\t\t\t\t\t\t\t\t\n\t\t<div class=\"wpr-flip-box\" data-trigger=\"hover\">\n\t\t\t\n\t\t\t<div class=\"wpr-flip-box-item wpr-flip-box-front wpr-anim-timing-ease-default\">\n\n\t\t\t\t<div class=\"wpr-flip-box-overlay\"><\/div>\n\n\t\t\t\t<div class=\"wpr-flip-box-content\">\n\t\t\t\t\t\n\t\t\t\t\t\t\t\t\t\t<div class=\"wpr-flip-box-icon\">\n\t\t\t\t\t\t<i class=\"far fa-comments\"><\/i>\n\t\t\t\t\t<\/div>\n\t\t\t\t\t\t\t\t\t\t\n\t\t\t\t\t\t\t\t\t\t\t<h3 class=\"wpr-flip-box-title\"><span class=\"ez-toc-section\" id=\"CONNECT\"><\/span>K\u1ebeT N\u1ed0I<span class=\"ez-toc-section-end\"><\/span><\/h3>\n\t\t\t\t\t\n\t\t\t\t\t\t\t\t\t\t\t<div class=\"wpr-flip-box-description\"><p>Theo d\u00f5i ho\u1eb7c g\u1eedi tin nh\u1eafn<\/p><\/div>\t\t\t\t\t\t\n\t\t\t\t\t\t\n\n\t\t\t\t\t\t\n\n\t\t\t\t<\/div>\n\t\t\t<\/div>\n\n\t\t\t<div class=\"wpr-flip-box-item wpr-flip-box-back wpr-anim-timing-ease-default\">\n\n\t\t\t\t<div class=\"wpr-flip-box-overlay\"><\/div>\n\t\t\t\t\n\t\t\t\t<div class=\"wpr-flip-box-content\">\n\t\t\t\t\t\n\t\t\t\t\t\t\t\t\t\t<a class=\"wpr-flip-box-link\" href=\"https:\/\/ahumanonearth.com\/vi\/connect\/\"><\/a>\t\n\t\t\t\t\t\n\t\t\t\t\t\t\t\t\t\t<div class=\"wpr-flip-box-icon\">\n\t\t\t\t\t\t<i class=\"fas fa-comments\"><\/i>\n\t\t\t\t\t<\/div>\n\t\t\t\t\t\t\t\t\t\t\n\t\t\t\t\t\n\t\t\t\t\t\t\t\t\t\t\t<div class=\"wpr-flip-box-description\"><p>Click to access<\/p><\/div>\t\t\t\t\t\t\n\t\t\t\t\t\t\n\n\t\t\t\t\t\t\n\n\t\t\t\t<\/div>\n\t\t\t<\/div>\n\t\t<\/div>\n\n\t\t\t\t\t\t<\/div>\n\t\t\t\t<\/div>\n\t\t\t\t<\/div>\n\t\t\t\t<div class=\"elementor-element elementor-element-2c76cc9 wpr-advanced-text-style-animated wpr-fancy-text-typing wpr-animated-text-infinite-yes elementor-widget elementor-widget-wpr-advanced-text\" data-id=\"2c76cc9\" data-element_type=\"widget\" data-e-type=\"widget\" data-settings=\"{&quot;anim_loop&quot;:&quot;yes&quot;}\" data-widget_type=\"wpr-advanced-text.default\">\n\t\t\t\t<div class=\"elementor-widget-container\">\n\t\t\t\t\t\n\t\t<h3 class=\"wpr-advanced-text\"><span class=\"ez-toc-section\" id=\"so_join_me_as_a_human_on_Earth\"><\/span>\n\n\t\t\t<a href=\"https:\/\/ahumanonearth.com\/vi\/connect\/\">\t\t\n\t\t\t\t\t\t\t<span class=\"wpr-advanced-text-preffix\">so join me as<\/span>\n\t\t\t\n\t\t<span class=\"wpr-anim-text wpr-anim-text-type-typing wpr-anim-text-letters\" data-anim-duration=\"150,0\" data-anim-loop=\"yes\">\n\t\t\t<span class=\"wpr-anim-text-inner\">\n\t\t\t\t\t\t\t\t\t<b>a human on Earth<\/b>\n\t\t\t\t\t\t\t<\/span>\n\t\t\t<span class=\"wpr-anim-text-cursor\">|<\/span>\t\t<\/span>\n\n\t\t<\/a>\t\t\n\t\t<span class=\"ez-toc-section-end\"><\/span><\/h3>\n\t\t\n\t\t\t\t\t\t<\/div>\n\t\t\t\t<\/div>\n\t\t\t\t\t<\/div>\n\t\t\t\t<\/div>\n\t\t\t\t<\/div>","protected":false},"excerpt":{"rendered":"<p>Welcome to A Human On Earth I am excited to have you in my house! How have you been today? I hope everything goes well, but if there is something unexpectedly shows up on your way or in your mind, do not give up, my friend. I pray that you will have the strength and support to continue your lovely journey in this lifetime. &#8220;Seek and you will find; knock and the door will be opened to you&#8221; &#8211; Mt 7:7. I am Nguyen-Nu, a life traveler whose passion is living a life beyond the boundaries of any definition. I support the idea of freely exploring our abilities over a job title, race, or gender. For this purpose, I use this website to share my stories and those of the people I meet who embrace this sense of freedom. Moreover, as my expertise lies in environmental studies, I strive to share the knowledge I have learned with people who are seeking. I am looking for our discussions and cannot wait for a future where we all thrive together. What You&#8217;ll Find Here \u00a0 ______A Library that consists of\u00a0two main sections: A Human, On Earth. . A Human features essays on human-related topics in environmental and social studies at a small scale, usually starting from individual stories on how people interact with this world and with themselves. Including a Journey Letter series of my personal reflections, life moments and lessons. . On Earth explores broader approaches in environmental and social studies with humans as a species on Earth. To name a few common approaches to get your familiarity, the tags are ecology, conservation, geography, anthropology, environmental policy, architecture, etc. I recommend approaching these with an open and critical mind;\u00a0our perspectives may differ, but constructive communication and interaction will strengthen our understanding. ______A Gallery where I store moments along my journey. I love capturing the beauty of nature and life on Earth. Start exploring HOME PAGE A real-time updated feeds Click to access ABOUT More details about this page Click to access AUTHOR More details about my work and expertise Click to access LIBRARY A collection of posts and essays Click to access GALLERY An archive of life moments on Earth Click to access CONNECT Follow or send a message Click to access so join me as a human on Earth |<\/p>","protected":false},"author":4,"featured_media":4865,"parent":0,"menu_order":0,"comment_status":"closed","ping_status":"closed","template":"elementor_header_footer","meta":{"advanced_seo_description":"","jetpack_seo_html_title":"","jetpack_seo_noindex":false,"jetpack_post_was_ever_published":false,"footnotes":""},"class_list":["post-627","page","type-page","status-publish","has-post-thumbnail","hentry"],"_hostinger_reach_plugin_has_subscription_block":false,"_hostinger_reach_plugin_is_elementor":false,"acf":[],"jetpack_likes_enabled":true,"jetpack_shortlink":"https:\/\/wp.me\/Pg7Ii5-a7","jetpack_sharing_enabled":true,"_links":{"self":[{"href":"https:\/\/ahumanonearth.com\/vi\/wp-json\/wp\/v2\/pages\/627","targetHints":{"allow":["GET"]}}],"collection":[{"href":"https:\/\/ahumanonearth.com\/vi\/wp-json\/wp\/v2\/pages"}],"about":[{"href":"https:\/\/ahumanonearth.com\/vi\/wp-json\/wp\/v2\/types\/page"}],"author":[{"embeddable":true,"href":"https:\/\/ahumanonearth.com\/vi\/wp-json\/wp\/v2\/users\/4"}],"replies":[{"embeddable":true,"href":"https:\/\/ahumanonearth.com\/vi\/wp-json\/wp\/v2\/comments?post=627"}],"version-history":[{"count":181,"href":"https:\/\/ahumanonearth.com\/vi\/wp-json\/wp\/v2\/pages\/627\/revisions"}],"predecessor-version":[{"id":5760,"href":"https:\/\/ahumanonearth.com\/vi\/wp-json\/wp\/v2\/pages\/627\/revisions\/5760"}],"wp:featuredmedia":[{"embeddable":true,"href":"https:\/\/ahumanonearth.com\/vi\/wp-json\/wp\/v2\/media\/4865"}],"wp:attachment":[{"href":"https:\/\/ahumanonearth.com\/vi\/wp-json\/wp\/v2\/media?parent=627"}],"curies":[{"name":"wp","href":"https:\/\/api.w.org\/{rel}","templated":true}]}}