{"id":2263,"date":"2024-09-27T23:44:53","date_gmt":"2024-09-28T04:44:53","guid":{"rendered":"https:\/\/ahumanonearth.com\/?page_id=2263"},"modified":"2025-12-29T18:53:14","modified_gmt":"2025-12-29T23:53:14","slug":"privacy-policy","status":"publish","type":"page","link":"https:\/\/ahumanonearth.com\/vi\/privacy-policy\/","title":{"rendered":"Ch\u00ednh s\u00e1ch b\u1ea3o m\u1eadt"},"content":{"rendered":"<h3 class=\"wp-block-heading\"><span class=\"ez-toc-section\" id=\"Effective_date_October_2024\"><\/span><strong>Ng\u00e0y hi\u1ec7u l\u1ef1c:<\/strong> Th\u00e1ng M\u01b0\u1eddi, 2024<span class=\"ez-toc-section-end\"><\/span><\/h3>\n\n\n\n<p>At <strong>A Human On Earth<\/strong> (<a href=\"https:\/\/ahumanonearth.com\/vi\/\">https:\/\/ahumanonearth.com<\/a>), quy\u1ec1n ri\u00eang t\u01b0 c\u1ee7a b\u1ea1n \u0111\u01b0\u1ee3c t\u00f4n tr\u1ecdng v\u00e0 b\u1ea3o v\u1ec7. Ch\u00ednh s\u00e1ch n\u00e0y gi\u1ea3i th\u00edch c\u00e1ch trang web thu th\u1eadp, s\u1eed d\u1ee5ng v\u00e0 b\u1ea3o v\u1ec7 th\u00f4ng tin khi b\u1ea1n truy c\u1eadp ho\u1eb7c g\u1eedi tin nh\u1eafn cho t\u00e1c gi\u1ea3.<\/p>\n\n\n\n<h3 class=\"wp-block-heading\"><span class=\"ez-toc-section\" id=\"1_Information_Collected\"><\/span><strong>1. Th\u00f4ng tin \u0111\u01b0\u1ee3c thu th\u1eadp<\/strong><span class=\"ez-toc-section-end\"><\/span><\/h3>\n\n\n\n<p>Trang web kh\u00f4ng t\u1ef1 \u0111\u1ed9ng thu th\u1eadp b\u1ea5t k\u1ef3 d\u1eef li\u1ec7u c\u00e1 nh\u00e2n n\u00e0o t\u1eeb ng\u01b0\u1eddi truy c\u1eadp.<br>Th\u00f4ng tin c\u00e1 nh\u00e2n (nh\u01b0 t\u00ean, \u0111\u1ecba ch\u1ec9 email, n\u1ed9i dung tin nh\u1eafn) ch\u1ec9 \u0111\u01b0\u1ee3c thu th\u1eadp khi b\u1ea1n t\u1ef1 nguy\u1ec7n g\u1eedi qua trang <strong><a href=\"https:\/\/ahumanonearth.com\/vi\/connect\/\">K\u1ebeT N\u1ed0I<\/a><\/strong> page.<\/p>\n\n\n\n<h3 class=\"wp-block-heading\"><span class=\"ez-toc-section\" id=\"2_Use_of_Information\"><\/span><strong>2. M\u1ee5c \u0111\u00edch s\u1eed d\u1ee5ng th\u00f4ng tin<\/strong><span class=\"ez-toc-section-end\"><\/span><\/h3>\n\n\n\n<p>Th\u00f4ng tin b\u1ea1n cung c\u1ea5p ch\u1ec9 \u0111\u01b0\u1ee3c s\u1eed d\u1ee5ng \u0111\u1ec3 li\u00ean h\u1ec7 v\u00e0 ph\u1ea3n h\u1ed3i tin nh\u1eafn c\u1ee7a b\u1ea1n.<br>D\u1eef li\u1ec7u c\u1ee7a b\u1ea1n <strong>s\u1ebd kh\u00f4ng b\u1ecb chia s\u1ebb, b\u00e1n ho\u1eb7c chuy\u1ec3n giao<\/strong> cho b\u1ea5t k\u1ef3 b\u00ean th\u1ee9 ba n\u00e0o.<\/p>\n\n\n\n<h3 class=\"wp-block-heading\"><span class=\"ez-toc-section\" id=\"3_Cookies_and_Analytics\"><\/span><strong>3. Cookie v\u00e0 c\u00f4ng c\u1ee5 ph\u00e2n t\u00edch<\/strong><span class=\"ez-toc-section-end\"><\/span><\/h3>\n\n\n\n<p>Trang web c\u00f3 th\u1ec3 s\u1eed d\u1ee5ng cookie ho\u1eb7c c\u00f4ng c\u1ee5 ph\u00e2n t\u00edch t\u00edch h\u1ee3p (v\u00ed d\u1ee5: th\u1ed1ng k\u00ea WordPress) \u0111\u1ec3 hi\u1ec3u ho\u1ea1t \u0111\u1ed9ng truy c\u1eadp nh\u01b0 l\u01b0\u1ee3t xem trang ho\u1eb7c ngu\u1ed3n truy c\u1eadp.<br>Nh\u1eefng c\u00f4ng c\u1ee5 n\u00e0y <strong>kh\u00f4ng thu th\u1eadp d\u1eef li\u1ec7u \u0111\u1ecbnh danh c\u00e1 nh\u00e2n<\/strong> , v\u00e0 ch\u1ec9 nh\u1eb1m c\u1ea3i thi\u1ec7n hi\u1ec7u su\u1ea5t trang web.<\/p>\n\n\n\n<h3 class=\"wp-block-heading\"><span class=\"ez-toc-section\" id=\"4_Data_Security\"><\/span><strong>4. B\u1ea3o m\u1eadt d\u1eef li\u1ec7u<\/strong><span class=\"ez-toc-section-end\"><\/span><\/h3>\n\n\n\n<p>Trang web \u00e1p d\u1ee5ng c\u00e1c bi\u1ec7n ph\u00e1p k\u1ef9 thu\u1eadt h\u1ee3p l\u00fd \u0111\u1ec3 b\u1ea3o v\u1ec7 th\u00f4ng tin b\u1ea1n g\u1eedi kh\u1ecfi vi\u1ec7c truy c\u1eadp ho\u1eb7c s\u1eed d\u1ee5ng tr\u00e1i ph\u00e9p.<br>Tuy nhi\u00ean, kh\u00f4ng h\u1ec7 th\u1ed1ng n\u00e0o ho\u00e0n to\u00e0n an to\u00e0n, v\u00e0 t\u00e1c gi\u1ea3 kh\u00f4ng th\u1ec3 \u0111\u1ea3m b\u1ea3o tuy\u1ec7t \u0111\u1ed1i cho vi\u1ec7c truy\u1ec1n d\u1eef li\u1ec7u qua Internet.<\/p>\n\n\n\n<h3 class=\"wp-block-heading\"><span class=\"ez-toc-section\" id=\"5_External_Links\"><\/span><strong>5. Li\u00ean k\u1ebft ngo\u00e0i<\/strong><span class=\"ez-toc-section-end\"><\/span><\/h3>\n\n\n\n<p>Trang web c\u00f3 th\u1ec3 ch\u1ee9a li\u00ean k\u1ebft \u0111\u1ebfn c\u00e1c trang b\u00ean ngo\u00e0i. T\u00e1c gi\u1ea3 kh\u00f4ng ch\u1ecbu tr\u00e1ch nhi\u1ec7m v\u1ec1 n\u1ed9i dung ho\u1eb7c ch\u00ednh s\u00e1ch quy\u1ec1n ri\u00eang t\u01b0 c\u1ee7a nh\u1eefng trang \u0111\u00f3.<br>Vui l\u00f2ng \u0111\u1ecdc k\u1ef9 ch\u00ednh s\u00e1ch ri\u00eang t\u01b0 c\u1ee7a t\u1eebng trang khi truy c\u1eadp.<\/p>\n\n\n\n<h3 class=\"wp-block-heading\"><span class=\"ez-toc-section\" id=\"6_Updates\"><\/span><strong>6. C\u1eadp nh\u1eadt<\/strong><span class=\"ez-toc-section-end\"><\/span><\/h3>\n\n\n\n<p>Ch\u00ednh s\u00e1ch n\u00e0y c\u00f3 th\u1ec3 \u0111\u01b0\u1ee3c c\u1eadp nh\u1eadt \u0111\u1ecbnh k\u1ef3 m\u00e0 kh\u00f4ng c\u1ea7n th\u00f4ng b\u00e1o tr\u01b0\u1edbc.<br>Ng\u00e0y c\u1eadp nh\u1eadt g\u1ea7n nh\u1ea5t s\u1ebd \u0111\u01b0\u1ee3c ghi \u1edf \u0111\u1ea7u trang n\u00e0y.<\/p>\n\n\n\n<h3 class=\"wp-block-heading\"><span class=\"ez-toc-section\" id=\"7_Contact\"><\/span><strong>7. Li\u00ean h\u1ec7<\/strong><span class=\"ez-toc-section-end\"><\/span><\/h3>\n\n\n\n<p>N\u1ebfu b\u1ea1n c\u00f3 th\u1eafc m\u1eafc ho\u1eb7c y\u00eau c\u1ea7u li\u00ean quan \u0111\u1ebfn Ch\u00ednh s\u00e1ch Quy\u1ec1n Ri\u00eang t\u01b0, vui l\u00f2ng g\u1eedi tin nh\u1eafn qua trang <strong>K\u1ebeT N\u1ed0I<\/strong> : <a href=\"https:\/\/ahumanonearth.com\/vi\/connect\/\">https:\/\/ahumanonearth.com\/connect<\/a><\/p>","protected":false},"excerpt":{"rendered":"<p>Effective date: October, 2024 At A Human On Earth (https:\/\/ahumanonearth.com), your privacy is important. This Privacy Policy explains how information is collected, used, and protected when you visit the website or contact the author. 1. Information Collected This website does not automatically collect any personal data from visitors.Personal information (such as name, email address, or message content) is only collected when you voluntarily submit it through the Connect page. 2. Use of Information Information you provide is used solely for communication purposes \u2014 to read, respond, or follow up on your message.Your information will not be shared, sold, or distributed to any third party. 3. Cookies and Analytics This site may use basic cookies or built-in analytics tools (e.g., WordPress statistics) to understand general visitor activity such as page views or traffic sources.These tools collect non-identifiable data only and are used to improve the site\u2019s performance. 4. Data Security Reasonable technical measures are taken to protect any personal data you provide from unauthorized access or misuse.However, no system is entirely secure, and the author cannot guarantee absolute security of online data transmission. 5. External Links This website may contain links to external websites. The author is not responsible for the privacy practices or content of those sites.Please review their respective privacy policies when visiting them. 6. Updates This Privacy Policy may be updated periodically.The date of the latest revision will be stated at the top of this page. 7. Contact For questions or requests regarding this Privacy Policy, please send a message via the Connect page: https:\/\/ahumanonearth.com\/connect<\/p>","protected":false},"author":2,"featured_media":0,"parent":0,"menu_order":0,"comment_status":"closed","ping_status":"closed","template":"","meta":{"advanced_seo_description":"","jetpack_seo_html_title":"","jetpack_seo_noindex":false,"footnotes":""},"class_list":["post-2263","page","type-page","status-publish","hentry"],"_hostinger_reach_plugin_has_subscription_block":false,"_hostinger_reach_plugin_is_elementor":false,"acf":[],"jetpack_likes_enabled":true,"jetpack_shortlink":"https:\/\/wp.me\/Pg7Ii5-Av","jetpack_sharing_enabled":true,"_links":{"self":[{"href":"https:\/\/ahumanonearth.com\/vi\/wp-json\/wp\/v2\/pages\/2263","targetHints":{"allow":["GET"]}}],"collection":[{"href":"https:\/\/ahumanonearth.com\/vi\/wp-json\/wp\/v2\/pages"}],"about":[{"href":"https:\/\/ahumanonearth.com\/vi\/wp-json\/wp\/v2\/types\/page"}],"author":[{"embeddable":true,"href":"https:\/\/ahumanonearth.com\/vi\/wp-json\/wp\/v2\/users\/2"}],"replies":[{"embeddable":true,"href":"https:\/\/ahumanonearth.com\/vi\/wp-json\/wp\/v2\/comments?post=2263"}],"version-history":[{"count":6,"href":"https:\/\/ahumanonearth.com\/vi\/wp-json\/wp\/v2\/pages\/2263\/revisions"}],"predecessor-version":[{"id":5485,"href":"https:\/\/ahumanonearth.com\/vi\/wp-json\/wp\/v2\/pages\/2263\/revisions\/5485"}],"wp:attachment":[{"href":"https:\/\/ahumanonearth.com\/vi\/wp-json\/wp\/v2\/media?parent=2263"}],"curies":[{"name":"wp","href":"https:\/\/api.w.org\/{rel}","templated":true}]}}